{"id":1103,"date":"2018-07-19T12:50:33","date_gmt":"2018-07-19T17:50:33","guid":{"rendered":"https:\/\/nectartdefleurs.studiogrif.ca\/notre-politique\/"},"modified":"2018-09-18T17:38:56","modified_gmt":"2018-09-18T22:38:56","slug":"our-policy","status":"publish","type":"page","link":"https:\/\/nectartdefleurs.com\/en\/our-policy\/","title":{"rendered":"Our policy"},"content":{"rendered":"<div class=\"wpb-content-wrapper\">[mk_page_section bg_color=&#8221;#ddd4c1&#8243; bg_repeat=&#8221;no-repeat&#8221; min_height=&#8221;0&#8243; padding_top=&#8221;100&#8243; padding_bottom=&#8221;80&#8243; top_shape_color=&#8221;#ffffff&#8221; bottom_shape_color=&#8221;#ffffff&#8221; sidebar=&#8221;sidebar-1&#8243;][vc_column][mk_fancy_title tag_name=&#8221;h1&#8243; color=&#8221;#25396b&#8221; size=&#8221;60&#8243; force_font_size=&#8221;true&#8221; letter_spacing=&#8221;1&#8243; margin_bottom=&#8221;0&#8243; font_family=&#8221;Playfair+Display&#8221; font_type=&#8221;google&#8221;]Our policy[\/mk_fancy_title][\/vc_column][\/mk_page_section][mk_page_section bg_image=&#8221;https:\/\/nectartdefleurs.com\/wp-content\/uploads\/2016\/04\/products-head.jpg&#8221; bg_position=&#8221;center center&#8221; bg_repeat=&#8221;no-repeat&#8221; bg_stretch=&#8221;true&#8221; min_height=&#8221;0&#8243; padding_top=&#8221;600&#8243; padding_bottom=&#8221;30&#8243; sidebar=&#8221;sidebar-1&#8243;][vc_column][\/vc_column][\/mk_page_section][vc_row fullwidth=&#8221;true&#8221; fullwidth_content=&#8221;false&#8221; css=&#8221;.vc_custom_1460724841631{background-color: #ffffff !important;}&#8221;][vc_column][vc_row_inner][vc_column_inner width=&#8221;1\/2&#8243;][mk_padding_divider size=&#8221;120&#8243;][mk_fancy_title tag_name=&#8221;h4&#8243; color=&#8221;#c89c00&#8243; size=&#8221;30&#8243; font_weight=&#8221;bold&#8221; txt_transform=&#8221;none&#8221; letter_spacing=&#8221;1&#8243; font_family=&#8221;Playfair+Display&#8221; font_type=&#8221;google&#8221;]Service \u00e0 la client\u00e8le[\/mk_fancy_title][mk_divider style=&#8221;thin_solid&#8221; divider_width=&#8221;custom_width&#8221; custom_width=&#8221;180&#8243; align=&#8221;left&#8221; thin_single_color=&#8221;#c89c00&#8243; margin_top=&#8221;15&#8243; margin_bottom=&#8221;70&#8243;][vc_column_text disable_pattern=&#8221;false&#8221; css=&#8221;.vc_custom_1532023314050{margin-bottom: 0px !important;}&#8221;]Avez-vous des questions ou commentaires relatifs \u00e0 notre site Internet? Envoyez nous un courriel \u00e0 <a href=\"mailto:miel@qc.aira.com\" target=\"_blank\" rel=\"noopener\">miel@qc.aira.com<\/a> ou t\u00e9l\u00e9phonez nous au 450 752-2218. Pour ceux qui seraient encore incertains \u00e0 conclure une transaction en ligne, nous sommes disponibles pour prendre votre commande par t\u00e9l\u00e9copieur au 450 752-2228.[\/vc_column_text][\/vc_column_inner][vc_column_inner width=&#8221;1\/2&#8243;][mk_padding_divider size=&#8221;120&#8243;][mk_fancy_title tag_name=&#8221;h4&#8243; color=&#8221;#c89c00&#8243; size=&#8221;30&#8243; font_weight=&#8221;bold&#8221; txt_transform=&#8221;none&#8221; letter_spacing=&#8221;1&#8243; font_family=&#8221;Playfair+Display&#8221; font_type=&#8221;google&#8221;]Garantie de satisfaction[\/mk_fancy_title][mk_divider style=&#8221;thin_solid&#8221; divider_width=&#8221;custom_width&#8221; custom_width=&#8221;180&#8243; align=&#8221;left&#8221; thin_single_color=&#8221;#c89c00&#8243; margin_top=&#8221;15&#8243; margin_bottom=&#8221;70&#8243;][vc_column_text disable_pattern=&#8221;false&#8221; css=&#8221;.vc_custom_1532023216500{margin-bottom: 0px !important;}&#8221;]Si vous n&#8217;\u00eates pas satisfait de votre achat en ligne pour quelque raison que ce soit, nous nous engageons \u00e0 vous donner satisfaction.<\/p>\n<p>Veuillez premi\u00e8rement nous contacter par courriel ou par t\u00e9l\u00e9phone pour nous faire part de votre insatisfaction. Nous autoriserons ainsi le retour du produit. Celui-i doit nous \u00eatre retourn\u00e9 intact dans les 15 jours suivant sa r\u00e9ception.<\/p>\n<p>Un cr\u00e9dit vous sera ensuite donn\u00e9 et il pourra \u00eatre utilis\u00e9 dans les 3 mois pour n\u2019importe quel produit de notre site. Veuillez prendre note que nous n\u2019offrons pas de remboursement sur carte de cr\u00e9dit et que le co\u00fbt de livraison initial ainsi que le retour n\u2019est pas remboursable. Voir notre politique de retour pour plus d\u2019informations.[\/vc_column_text][\/vc_column_inner][\/vc_row_inner][vc_row_inner][vc_column_inner width=&#8221;1\/2&#8243;][mk_padding_divider size=&#8221;120&#8243;][mk_fancy_title tag_name=&#8221;h4&#8243; color=&#8221;#c89c00&#8243; size=&#8221;30&#8243; font_weight=&#8221;bold&#8221; txt_transform=&#8221;none&#8221; letter_spacing=&#8221;1&#8243; font_family=&#8221;Playfair+Display&#8221; font_type=&#8221;google&#8221;]Options de Paiement[\/mk_fancy_title][mk_divider style=&#8221;thin_solid&#8221; divider_width=&#8221;custom_width&#8221; custom_width=&#8221;180&#8243; align=&#8221;left&#8221; thin_single_color=&#8221;#c89c00&#8243; margin_top=&#8221;15&#8243; margin_bottom=&#8221;70&#8243;][vc_column_text disable_pattern=&#8221;false&#8221; css=&#8221;.vc_custom_1532023511053{margin-bottom: 0px !important;}&#8221;]Nect&#8217;Art de Fleurs accepte les cartes de cr\u00e9dit VISA et MasterCard. Nous n&#8217;acceptons pas les ch\u00e8ques, ni les paiements sur livraison (COD).[\/vc_column_text][\/vc_column_inner][vc_column_inner width=&#8221;1\/2&#8243;][mk_padding_divider size=&#8221;120&#8243;][mk_fancy_title tag_name=&#8221;h4&#8243; color=&#8221;#c89c00&#8243; size=&#8221;30&#8243; font_weight=&#8221;bold&#8221; txt_transform=&#8221;none&#8221; letter_spacing=&#8221;1&#8243; font_family=&#8221;Playfair+Display&#8221; font_type=&#8221;google&#8221;]Prix[\/mk_fancy_title][mk_divider style=&#8221;thin_solid&#8221; divider_width=&#8221;custom_width&#8221; custom_width=&#8221;180&#8243; align=&#8221;left&#8221; thin_single_color=&#8221;#c89c00&#8243; margin_top=&#8221;15&#8243; margin_bottom=&#8221;70&#8243;][vc_column_text disable_pattern=&#8221;false&#8221; css=&#8221;.vc_custom_1532023550264{margin-bottom: 0px !important;}&#8221;]Les prix qui se trouvent sur ce site ne s&#8217;appliquent qu&#8217;aux achats en ligne. Les prix au comptoir peuvent \u00eatre diff\u00e9rents. Nect&#8217;Art de Fleurs se r\u00e9serve le droit de modifier en tout temps le prix des produits offerts sur le site et ce, sans pr\u00e9avis.[\/vc_column_text][\/vc_column_inner][\/vc_row_inner][vc_row_inner][vc_column_inner width=&#8221;1\/2&#8243;][mk_padding_divider size=&#8221;120&#8243;][mk_fancy_title tag_name=&#8221;h4&#8243; color=&#8221;#c89c00&#8243; size=&#8221;30&#8243; font_weight=&#8221;bold&#8221; txt_transform=&#8221;none&#8221; letter_spacing=&#8221;1&#8243; font_family=&#8221;Playfair+Display&#8221; font_type=&#8221;google&#8221;]Livraison[\/mk_fancy_title][mk_divider style=&#8221;thin_solid&#8221; divider_width=&#8221;custom_width&#8221; custom_width=&#8221;180&#8243; align=&#8221;left&#8221; thin_single_color=&#8221;#c89c00&#8243; margin_top=&#8221;15&#8243; margin_bottom=&#8221;70&#8243;][vc_column_text disable_pattern=&#8221;false&#8221; css=&#8221;.vc_custom_1532023601114{margin-bottom: 0px !important;}&#8221;]Nect&#8217;Art de Fleurs est fi\u00e8re de s\u2019associer avec Postes Canada. Vous avez le choix de la rapidit\u00e9 de livraison de votre colis.<\/p>\n<p>Nous livrons exclusivement \u00e0 l&#8217;adresse civique correspondant \u00e0 la carte de cr\u00e9dit du client.<\/p>\n<p>Aucune livraison \u00e0 un casier postal.[\/vc_column_text][\/vc_column_inner][vc_column_inner width=&#8221;1\/2&#8243;][mk_padding_divider size=&#8221;120&#8243;][mk_fancy_title tag_name=&#8221;h4&#8243; color=&#8221;#c89c00&#8243; size=&#8221;30&#8243; font_weight=&#8221;bold&#8221; txt_transform=&#8221;none&#8221; letter_spacing=&#8221;1&#8243; font_family=&#8221;Playfair+Display&#8221; font_type=&#8221;google&#8221;]Taxes et d\u00e9douanement[\/mk_fancy_title][mk_divider style=&#8221;thin_solid&#8221; divider_width=&#8221;custom_width&#8221; custom_width=&#8221;180&#8243; align=&#8221;left&#8221; thin_single_color=&#8221;#c89c00&#8243; margin_top=&#8221;15&#8243; margin_bottom=&#8221;70&#8243;][vc_column_text disable_pattern=&#8221;false&#8221; css=&#8221;.vc_custom_1532023648616{margin-bottom: 0px !important;}&#8221;]Pour tout produit livr\u00e9 \u00e0 l&#8217;ext\u00e9rieur du Canada et des \u00c9tats-Unis, vous \u00eates responsable de tous les frais inh\u00e9rents au d\u00e9douanement et de tous autres frais inh\u00e9rents \u00e0 l&#8217;exportation \u00e0 l&#8217;ext\u00e9rieur du Canada.[\/vc_column_text][\/vc_column_inner][\/vc_row_inner][mk_padding_divider size=&#8221;120&#8243;][mk_fancy_title tag_name=&#8221;h4&#8243; color=&#8221;#c89c00&#8243; size=&#8221;30&#8243; font_weight=&#8221;bold&#8221; txt_transform=&#8221;none&#8221; letter_spacing=&#8221;1&#8243; font_family=&#8221;Playfair+Display&#8221; font_type=&#8221;google&#8221;]Retours, remboursements ou \u00e9changes[\/mk_fancy_title][mk_divider style=&#8221;thin_solid&#8221; divider_width=&#8221;custom_width&#8221; custom_width=&#8221;180&#8243; align=&#8221;left&#8221; thin_single_color=&#8221;#c89c00&#8243; margin_top=&#8221;15&#8243; margin_bottom=&#8221;70&#8243;][vc_column_text disable_pattern=&#8221;false&#8221; css=&#8221;.vc_custom_1532023857495{margin-bottom: 0px !important;}&#8221;]Si vous n&#8217;\u00eates pas satisfait de votre achat en ligne pour quelque raison que ce soit, nous nous engageons \u00e0 vous donner satisfaction.<\/p>\n<p>Veuillez nous envoyer un courriel \u00e0 <a href=\"mailto:miel@qc.aira.com\" target=\"_blank\" rel=\"noopener\">miel@qc.aira.com<\/a> ou par t\u00e9l\u00e9phone au 877-999-6435 afin de demander un num\u00e9ro d&#8217;autorisation de retour de marchandise. IMPORTANT: Les colis retourn\u00e9s sans num\u00e9ro d&#8217;autorisation de retour de marchandise peuvent \u00eatre refus\u00e9s. Le produit doit nous \u00eatre retourn\u00e9 intact dans les 15 jours suivant la r\u00e9ception du produit. Aucun remboursement sur les frais de livraison ou sur les frais de retour du produit.<br \/>\nSi vous recevez un colis endommag\u00e9 : Veuillez nous contacter dans les 48 heures. Conservez la bo\u00eete d\u2019exp\u00e9dition afin que nous puissions faire une r\u00e9clamation pour vous \u00e0 l\u2019assurance de la compagnie de transport.<br \/>\nNect&#8217;Art de Fleurs ne remboursera aucuns frais d&#8217;exp\u00e9dition engag\u00e9s pour le retour de la marchandise, sauf dans les cas d&#8217;erreur dans le traitement de la commande ou lorsque la marchandise est d\u00e9fectueuse. Nect&#8217;Art de Fleurs rejette toute responsabilit\u00e9 quant aux dommages caus\u00e9s \u00e0 la marchandise retourn\u00e9e lors de son exp\u00e9dition. Pour vous prot\u00e9ger contre les risques de dommages, il est conseill\u00e9 d&#8217;assurer la marchandise livr\u00e9e par Postes Canada ou par un service de messagerie.<\/p>\n<p>Si vous d\u00e9sirez retourner les articles avec autorisation, exp\u00e9diez-les simplement (port \u00e0 vos frais) \u00e0 l&#8217;adresse suivante :<\/p>\n<p>Nect&#8217;Art de Fleurs<br \/>\n1020 Kildare<br \/>\nSt-Ambroise de Kildare,<br \/>\nQu\u00e9bec JOK CO[\/vc_column_text][mk_padding_divider size=&#8221;120&#8243;][mk_fancy_title tag_name=&#8221;h4&#8243; color=&#8221;#c89c00&#8243; size=&#8221;30&#8243; font_weight=&#8221;bold&#8221; txt_transform=&#8221;none&#8221; letter_spacing=&#8221;1&#8243; font_family=&#8221;Playfair+Display&#8221; font_type=&#8221;google&#8221;]Confidentialit\u00e9[\/mk_fancy_title][mk_divider style=&#8221;thin_solid&#8221; divider_width=&#8221;custom_width&#8221; custom_width=&#8221;180&#8243; align=&#8221;left&#8221; thin_single_color=&#8221;#c89c00&#8243; margin_top=&#8221;15&#8243; margin_bottom=&#8221;70&#8243;][vc_column_text disable_pattern=&#8221;false&#8221; css=&#8221;.vc_custom_1532023905089{margin-bottom: 0px !important;}&#8221;]Vos renseignements personnels ne seront pas utilis\u00e9s ou divulgu\u00e9s dans des buts autres que ceux pour lesquels ils ont \u00e9t\u00e9 per\u00e7us, sauf avec votre consentement ou comme requis ou permis par la loi. Nect&#8217;Art de Fleurs ne fournit pas de renseignements personnels pour l&#8217;utilisation par une tierce partie, telle que par la vente de liste de distribution.[\/vc_column_text][mk_padding_divider size=&#8221;120&#8243;][mk_fancy_title tag_name=&#8221;h4&#8243; color=&#8221;#c89c00&#8243; size=&#8221;30&#8243; font_weight=&#8221;bold&#8221; txt_transform=&#8221;none&#8221; letter_spacing=&#8221;1&#8243; font_family=&#8221;Playfair+Display&#8221; font_type=&#8221;google&#8221;]Propri\u00e9t\u00e9 et utilisation du site Nect&#8217;Art de Fleurs[\/mk_fancy_title][mk_divider style=&#8221;thin_solid&#8221; divider_width=&#8221;custom_width&#8221; custom_width=&#8221;180&#8243; align=&#8221;left&#8221; thin_single_color=&#8221;#c89c00&#8243; margin_top=&#8221;15&#8243; margin_bottom=&#8221;70&#8243;][vc_column_text disable_pattern=&#8221;false&#8221; css=&#8221;.vc_custom_1532024198533{margin-bottom: 0px !important;}&#8221;]Le site web est la propri\u00e9t\u00e9 de Nect&#8217;Art de Fleurs et est prot\u00e9g\u00e9 par les lois canadiennes et internationales sur le droit d\u2019auteur ainsi que d\u2019autres lois. Votre utilisation du site ne vous conf\u00e8re aucunement la propri\u00e9t\u00e9 de son contenu. Le site est disponible pour une utilisation l\u00e9gale et personnelle seulement. Il est strictement interdit de copier, de reproduire, de modifier le contenu en tout ou en partie, sans le consentement \u00e9crit de Nect&#8217;Art de Fleurs.[\/vc_column_text][mk_padding_divider size=&#8221;120&#8243;][\/vc_column][\/vc_row][vc_row][vc_column][mk_padding_divider size=&#8221;35&#8243;][\/vc_column][\/vc_row][mk_page_section bg_image=&#8221;https:\/\/nectartdefleurs.com\/wp-content\/uploads\/2016\/04\/products-bg-02.jpg&#8221; bg_repeat=&#8221;no-repeat&#8221; bg_stretch=&#8221;true&#8221; min_height=&#8221;0&#8243; padding_top=&#8221;400&#8243; sidebar=&#8221;sidebar-1&#8243;][vc_column width=&#8221;1\/6&#8243;][\/vc_column][vc_column width=&#8221;2\/3&#8243;][mk_fancy_title tag_name=&#8221;h4&#8243; color=&#8221;#ffffff&#8221; size=&#8221;36&#8243; force_font_size=&#8221;true&#8221; size_tablet=&#8221;20&#8243; size_phone=&#8221;20&#8243; font_weight=&#8221;400&#8243; txt_transform=&#8221;uppercase&#8221; letter_spacing=&#8221;1&#8243; margin_bottom=&#8221;40&#8243; font_family=&#8221;Playfair+Display&#8221; font_type=&#8221;google&#8221; align=&#8221;center&#8221;]Livraison gratuite \u00e0 l\u2019achat de 50 $ et plus au Qu\u00e9bec seulement[\/mk_fancy_title][mk_button dimension=&#8221;flat&#8221; corner_style=&#8221;rounded&#8221; size=&#8221;large&#8221; url=&#8221;http:\/\/demos.artbees.net\/jupiter5\/dapples\/products\/&#8221; align=&#8221;center&#8221; button_custom_width=&#8221;220&#8243; bg_color=&#8221;#1a2b56&#8243; btn_hover_bg=&#8221;#25396b&#8221;]NOTRE BOUTIQUE[\/mk_button][mk_padding_divider size=&#8221;100&#8243;][\/vc_column][vc_column width=&#8221;1\/6&#8243;][\/vc_column][\/mk_page_section][mk_page_section bg_color=&#8221;#c89c00&#8243; min_height=&#8221;0&#8243; padding_top=&#8221;0&#8243; padding_bottom=&#8221;0&#8243; sidebar=&#8221;sidebar-1&#8243;][vc_column width=&#8221;2\/12&#8243;][mk_fancy_title tag_name=&#8221;h4&#8243; color=&#8221;#ddd4c1&#8243; size=&#8221;30&#8243; force_font_size=&#8221;true&#8221; size_tablet=&#8221;25&#8243; size_phone=&#8221;20&#8243; font_weight=&#8221;300&#8243; txt_transform=&#8221;capitalize&#8221; letter_spacing=&#8221;1&#8243; margin_top=&#8221;60&#8243; margin_bottom=&#8221;0&#8243; font_family=&#8221;Playfair+Display&#8221; font_type=&#8221;google&#8221;]brands[\/mk_fancy_title][\/vc_column][vc_column width=&#8221;10\/12&#8243;][mk_clients count=&#8221;5&#8243;][\/vc_column][\/mk_page_section]\n<\/div>","protected":false},"excerpt":{"rendered":"<p>[mk_page_section bg_color=&#8221;#ddd4c1&#8243; bg_repeat=&#8221;no-repeat&#8221; min_height=&#8221;0&#8243; padding_top=&#8221;100&#8243; padding_bottom=&#8221;80&#8243; top_shape_color=&#8221;#ffffff&#8221; bottom_shape_color=&#8221;#ffffff&#8221; sidebar=&#8221;sidebar-1&#8243;][vc_column][mk_fancy_title tag_name=&#8221;h1&#8243; color=&#8221;#25396b&#8221; size=&#8221;60&#8243; force_font_size=&#8221;true&#8221; letter_spacing=&#8221;1&#8243; margin_bottom=&#8221;0&#8243; font_family=&#8221;Playfair+Display&#8221; font_type=&#8221;google&#8221;]Our policy[\/mk_fancy_title][\/vc_column][\/mk_page_section][mk_page_section bg_image=&#8221;https:\/\/nectartdefleurs.com\/wp-content\/uploads\/2016\/04\/products-head.jpg&#8221; bg_position=&#8221;center center&#8221; bg_repeat=&#8221;no-repeat&#8221; bg_stretch=&#8221;true&#8221; min_height=&#8221;0&#8243; padding_top=&#8221;600&#8243; padding_bottom=&#8221;30&#8243; sidebar=&#8221;sidebar-1&#8243;][vc_column][\/vc_column][\/mk_page_section][vc_row fullwidth=&#8221;true&#8221; fullwidth_content=&#8221;false&#8221; css=&#8221;.vc_custom_1460724841631{background-color: #ffffff !important;}&#8221;][vc_column][vc_row_inner][vc_column_inner width=&#8221;1\/2&#8243;][mk_padding_divider size=&#8221;120&#8243;][mk_fancy_title tag_name=&#8221;h4&#8243; color=&#8221;#c89c00&#8243; size=&#8221;30&#8243; font_weight=&#8221;bold&#8221; txt_transform=&#8221;none&#8221; letter_spacing=&#8221;1&#8243; font_family=&#8221;Playfair+Display&#8221; font_type=&#8221;google&#8221;]Service \u00e0 la client\u00e8le[\/mk_fancy_title][mk_divider style=&#8221;thin_solid&#8221; divider_width=&#8221;custom_width&#8221; custom_width=&#8221;180&#8243; align=&#8221;left&#8221; thin_single_color=&#8221;#c89c00&#8243; margin_top=&#8221;15&#8243; margin_bottom=&#8221;70&#8243;][vc_column_text disable_pattern=&#8221;false&#8221; css=&#8221;.vc_custom_1532023314050{margin-bottom: 0px [&hellip;]<\/p>\n","protected":false},"author":1,"featured_media":0,"parent":0,"menu_order":0,"comment_status":"closed","ping_status":"closed","template":"","meta":{"footnotes":""},"class_list":["post-1103","page","type-page","status-publish","hentry"],"_links":{"self":[{"href":"https:\/\/nectartdefleurs.com\/en\/wp-json\/wp\/v2\/pages\/1103","targetHints":{"allow":["GET"]}}],"collection":[{"href":"https:\/\/nectartdefleurs.com\/en\/wp-json\/wp\/v2\/pages"}],"about":[{"href":"https:\/\/nectartdefleurs.com\/en\/wp-json\/wp\/v2\/types\/page"}],"author":[{"embeddable":true,"href":"https:\/\/nectartdefleurs.com\/en\/wp-json\/wp\/v2\/users\/1"}],"replies":[{"embeddable":true,"href":"https:\/\/nectartdefleurs.com\/en\/wp-json\/wp\/v2\/comments?post=1103"}],"version-history":[{"count":1,"href":"https:\/\/nectartdefleurs.com\/en\/wp-json\/wp\/v2\/pages\/1103\/revisions"}],"predecessor-version":[{"id":1104,"href":"https:\/\/nectartdefleurs.com\/en\/wp-json\/wp\/v2\/pages\/1103\/revisions\/1104"}],"wp:attachment":[{"href":"https:\/\/nectartdefleurs.com\/en\/wp-json\/wp\/v2\/media?parent=1103"}],"curies":[{"name":"wp","href":"https:\/\/api.w.org\/{rel}","templated":true}]}}